{"id":31,"date":"2021-08-31T12:10:52","date_gmt":"2021-08-31T12:10:52","guid":{"rendered":"http:\/\/www.jalkahoitolamerja.fi\/?page_id=31"},"modified":"2025-05-04T09:12:02","modified_gmt":"2025-05-04T09:12:02","slug":"palvelut","status":"publish","type":"page","link":"https:\/\/jalkahoitolamerja.fi\/index.php\/palvelut\/","title":{"rendered":"PALVELUT \/ HINNASTO"},"content":{"rendered":"\n<p><\/p>\n\n\n\n<p class=\"has-text-align-center\"><br><br><strong>Kynsien leikkaus ja siistiminen\/ 30min \/ 47\u20ac <\/strong><br>Leikataan ja siistit\u00e4\u00e4n kynnet sek\u00e4 arvio jalkojenhoidon tarpeesta.<br><br><strong>Perusjalkahoito \/ 60 min \/ 67\u20ac<\/strong><br>Sis. jalkakylvyn, kynsien lyhent\u00e4misen sek\u00e4 ohentamisen, ihomuutoksien (kovettumat, k\u00e4ns\u00e4t) hoito sek\u00e4 jalkojen rasvauksen ja hieronnan hoitoajan puitteissa.<br><br><strong>Vaativampi jalkahoito\/ 70-90min \/ 77\u20ac<\/strong><br>T\u00e4m\u00e4 jalkahoito sis\u00e4lt\u00e4\u00e4 perusjalkahoidon ja sopii erityisesti jos jaloissa on laajempia kovettuma-alueita sek\u00e4 paksuuntuneita kynsi\u00e4. <br><br><strong>Hemmottelu jalkahoito\/ 90min \/ 87\u20ac<\/strong><br>Rentouttava jalkakylpy ja kuorinta, kynsien ja ihon siistiminen sek\u00e4 varpaankynsien lakkaus ja hieronta polvesta alasp\u00e4in. T\u00e4m\u00e4 hoito on erinomainen lahjaidea.<br><br><strong>Varpaankynsien lakkaus \/ 15min \/ 13\u20ac<\/strong><br>(Saat pienen lakkapullon mukaasi)<br><br><strong>Pidempi hieronta \/ 15min \/ 13\u20ac<\/strong><br>(hieronta polvista alasp\u00e4in)<\/p>\n\n\n\n<p class=\"has-text-align-center\"><br>_______________________________<\/p>\n\n\n\n<p class=\"has-text-align-center\">Maksuv\u00e4linein\u00e4 hoitolassa k\u00e4y pankki\/luottokortti, k\u00e4teinen ja Epassi hyvinvointietu (terveydenhoidollisista jalkahoidoista).<\/p>\n\n\n\n<p class=\"has-text-align-center\">Muistathan perua aikasi 24h ennen hoitoaikaa, jos et p\u00e4\u00e4se paikalle. Peruuttamattomasta ajasta veloitetaan hoidon hinta.<br><\/p>\n\n\n\n<div class=\"wp-block-image\"><figure class=\"aligncenter size-medium\"><img loading=\"lazy\" width=\"300\" height=\"300\" src=\"https:\/\/jalkahoitolamerja.fi\/wp-content\/uploads\/2021\/08\/Acting-Director-300x300.png\" alt=\"\" class=\"wp-image-40\" srcset=\"https:\/\/jalkahoitolamerja.fi\/wp-content\/uploads\/2021\/08\/Acting-Director-300x300.png 300w, https:\/\/jalkahoitolamerja.fi\/wp-content\/uploads\/2021\/08\/Acting-Director-150x150.png 150w, https:\/\/jalkahoitolamerja.fi\/wp-content\/uploads\/2021\/08\/Acting-Director-100x100.png 100w, https:\/\/jalkahoitolamerja.fi\/wp-content\/uploads\/2021\/08\/Acting-Director.png 500w\" sizes=\"(max-width: 300px) 100vw, 300px\" \/><\/figure><\/div>\n","protected":false},"excerpt":{"rendered":"<p>Kynsien leikkaus ja siistiminen\/ 30min \/ 47\u20ac Leikataan ja siistit\u00e4\u00e4n kynnet sek\u00e4 arvio jalkojenhoidon tarpeesta. Perusjalkahoito \/ 60 min \/ 67\u20acSis. jalkakylvyn, kynsien lyhent\u00e4misen sek\u00e4 ohentamisen, ihomuutoksien (kovettumat, k\u00e4ns\u00e4t) hoito sek\u00e4 jalkojen rasvauksen ja hieronnan hoitoajan puitteissa. Vaativampi jalkahoito\/ 70-90min \/ 77\u20acT\u00e4m\u00e4 jalkahoito sis\u00e4lt\u00e4\u00e4 perusjalkahoidon ja sopii erityisesti jos jaloissa on laajempia kovettuma-alueita sek\u00e4 paksuuntuneita &hellip; <\/p>\n<p class=\"link-more\"><a href=\"https:\/\/jalkahoitolamerja.fi\/index.php\/palvelut\/\" class=\"more-link\">Jatka lukemista<span class=\"screen-reader-text\"> &#8221;PALVELUT \/ HINNASTO&#8221;<\/span><\/a><\/p>\n","protected":false},"author":1,"featured_media":0,"parent":0,"menu_order":0,"comment_status":"closed","ping_status":"closed","template":"","meta":[],"yoast_head":"<!-- This site is optimized with the Yoast SEO plugin v17.2 - https:\/\/yoast.com\/wordpress\/plugins\/seo\/ -->\n<title>PALVELUT \/ HINNASTO - Jalkahoitola Merja M&auml;enp&auml;&auml;<\/title>\n<meta name=\"robots\" content=\"index, follow, max-snippet:-1, max-image-preview:large, max-video-preview:-1\" \/>\n<link rel=\"canonical\" href=\"https:\/\/jalkahoitolamerja.fi\/index.php\/palvelut\/\" \/>\n<meta property=\"og:locale\" content=\"fi_FI\" \/>\n<meta property=\"og:type\" content=\"article\" \/>\n<meta property=\"og:title\" content=\"PALVELUT \/ HINNASTO - Jalkahoitola Merja M&auml;enp&auml;&auml;\" \/>\n<meta property=\"og:description\" content=\"Kynsien leikkaus ja siistiminen\/ 30min \/ 47\u20ac Leikataan ja siistit\u00e4\u00e4n kynnet sek\u00e4 arvio jalkojenhoidon tarpeesta. Perusjalkahoito \/ 60 min \/ 67\u20acSis. jalkakylvyn, kynsien lyhent\u00e4misen sek\u00e4 ohentamisen, ihomuutoksien (kovettumat, k\u00e4ns\u00e4t) hoito sek\u00e4 jalkojen rasvauksen ja hieronnan hoitoajan puitteissa. Vaativampi jalkahoito\/ 70-90min \/ 77\u20acT\u00e4m\u00e4 jalkahoito sis\u00e4lt\u00e4\u00e4 perusjalkahoidon ja sopii erityisesti jos jaloissa on laajempia kovettuma-alueita sek\u00e4 paksuuntuneita &hellip; Jatka lukemista &quot;PALVELUT \/ HINNASTO&quot;\" \/>\n<meta property=\"og:url\" content=\"https:\/\/jalkahoitolamerja.fi\/index.php\/palvelut\/\" \/>\n<meta property=\"og:site_name\" content=\"Jalkahoitola Merja M&auml;enp&auml;&auml;\" \/>\n<meta property=\"article:modified_time\" content=\"2025-05-04T09:12:02+00:00\" \/>\n<meta property=\"og:image\" content=\"https:\/\/jalkahoitolamerja.fi\/wp-content\/uploads\/2021\/08\/Acting-Director-300x300.png\" \/>\n<meta name=\"twitter:card\" content=\"summary_large_image\" \/>\n<meta name=\"twitter:label1\" content=\"Arvioitu lukuaika\" \/>\n\t<meta name=\"twitter:data1\" content=\"1 minuutti\" \/>\n<script type=\"application\/ld+json\" class=\"yoast-schema-graph\">{\"@context\":\"https:\/\/schema.org\",\"@graph\":[{\"@type\":\"WebSite\",\"@id\":\"https:\/\/jalkahoitolamerja.fi\/#website\",\"url\":\"https:\/\/jalkahoitolamerja.fi\/\",\"name\":\"Jalkahoitola Merja M&auml;enp&auml;&auml;\",\"description\":\"\",\"potentialAction\":[{\"@type\":\"SearchAction\",\"target\":{\"@type\":\"EntryPoint\",\"urlTemplate\":\"https:\/\/jalkahoitolamerja.fi\/?s={search_term_string}\"},\"query-input\":\"required name=search_term_string\"}],\"inLanguage\":\"fi\"},{\"@type\":\"ImageObject\",\"@id\":\"https:\/\/jalkahoitolamerja.fi\/index.php\/palvelut\/#primaryimage\",\"inLanguage\":\"fi\",\"url\":\"https:\/\/jalkahoitolamerja.fi\/wp-content\/uploads\/2021\/08\/Acting-Director-300x300.png\",\"contentUrl\":\"https:\/\/jalkahoitolamerja.fi\/wp-content\/uploads\/2021\/08\/Acting-Director-300x300.png\"},{\"@type\":\"WebPage\",\"@id\":\"https:\/\/jalkahoitolamerja.fi\/index.php\/palvelut\/#webpage\",\"url\":\"https:\/\/jalkahoitolamerja.fi\/index.php\/palvelut\/\",\"name\":\"PALVELUT \/ HINNASTO - Jalkahoitola Merja M&auml;enp&auml;&auml;\",\"isPartOf\":{\"@id\":\"https:\/\/jalkahoitolamerja.fi\/#website\"},\"primaryImageOfPage\":{\"@id\":\"https:\/\/jalkahoitolamerja.fi\/index.php\/palvelut\/#primaryimage\"},\"datePublished\":\"2021-08-31T12:10:52+00:00\",\"dateModified\":\"2025-05-04T09:12:02+00:00\",\"breadcrumb\":{\"@id\":\"https:\/\/jalkahoitolamerja.fi\/index.php\/palvelut\/#breadcrumb\"},\"inLanguage\":\"fi\",\"potentialAction\":[{\"@type\":\"ReadAction\",\"target\":[\"https:\/\/jalkahoitolamerja.fi\/index.php\/palvelut\/\"]}]},{\"@type\":\"BreadcrumbList\",\"@id\":\"https:\/\/jalkahoitolamerja.fi\/index.php\/palvelut\/#breadcrumb\",\"itemListElement\":[{\"@type\":\"ListItem\",\"position\":1,\"name\":\"Etusivu\",\"item\":\"https:\/\/jalkahoitolamerja.fi\/\"},{\"@type\":\"ListItem\",\"position\":2,\"name\":\"PALVELUT \/ HINNASTO\"}]}]}<\/script>\n<!-- \/ Yoast SEO plugin. -->","yoast_head_json":{"title":"PALVELUT \/ HINNASTO - Jalkahoitola Merja M&auml;enp&auml;&auml;","robots":{"index":"index","follow":"follow","max-snippet":"max-snippet:-1","max-image-preview":"max-image-preview:large","max-video-preview":"max-video-preview:-1"},"canonical":"https:\/\/jalkahoitolamerja.fi\/index.php\/palvelut\/","og_locale":"fi_FI","og_type":"article","og_title":"PALVELUT \/ HINNASTO - Jalkahoitola Merja M&auml;enp&auml;&auml;","og_description":"Kynsien leikkaus ja siistiminen\/ 30min \/ 47\u20ac Leikataan ja siistit\u00e4\u00e4n kynnet sek\u00e4 arvio jalkojenhoidon tarpeesta. Perusjalkahoito \/ 60 min \/ 67\u20acSis. jalkakylvyn, kynsien lyhent\u00e4misen sek\u00e4 ohentamisen, ihomuutoksien (kovettumat, k\u00e4ns\u00e4t) hoito sek\u00e4 jalkojen rasvauksen ja hieronnan hoitoajan puitteissa. Vaativampi jalkahoito\/ 70-90min \/ 77\u20acT\u00e4m\u00e4 jalkahoito sis\u00e4lt\u00e4\u00e4 perusjalkahoidon ja sopii erityisesti jos jaloissa on laajempia kovettuma-alueita sek\u00e4 paksuuntuneita &hellip; Jatka lukemista \"PALVELUT \/ HINNASTO\"","og_url":"https:\/\/jalkahoitolamerja.fi\/index.php\/palvelut\/","og_site_name":"Jalkahoitola Merja M&auml;enp&auml;&auml;","article_modified_time":"2025-05-04T09:12:02+00:00","og_image":[{"url":"https:\/\/jalkahoitolamerja.fi\/wp-content\/uploads\/2021\/08\/Acting-Director-300x300.png"}],"twitter_card":"summary_large_image","twitter_misc":{"Arvioitu lukuaika":"1 minuutti"},"schema":{"@context":"https:\/\/schema.org","@graph":[{"@type":"WebSite","@id":"https:\/\/jalkahoitolamerja.fi\/#website","url":"https:\/\/jalkahoitolamerja.fi\/","name":"Jalkahoitola Merja M&auml;enp&auml;&auml;","description":"","potentialAction":[{"@type":"SearchAction","target":{"@type":"EntryPoint","urlTemplate":"https:\/\/jalkahoitolamerja.fi\/?s={search_term_string}"},"query-input":"required name=search_term_string"}],"inLanguage":"fi"},{"@type":"ImageObject","@id":"https:\/\/jalkahoitolamerja.fi\/index.php\/palvelut\/#primaryimage","inLanguage":"fi","url":"https:\/\/jalkahoitolamerja.fi\/wp-content\/uploads\/2021\/08\/Acting-Director-300x300.png","contentUrl":"https:\/\/jalkahoitolamerja.fi\/wp-content\/uploads\/2021\/08\/Acting-Director-300x300.png"},{"@type":"WebPage","@id":"https:\/\/jalkahoitolamerja.fi\/index.php\/palvelut\/#webpage","url":"https:\/\/jalkahoitolamerja.fi\/index.php\/palvelut\/","name":"PALVELUT \/ HINNASTO - Jalkahoitola Merja M&auml;enp&auml;&auml;","isPartOf":{"@id":"https:\/\/jalkahoitolamerja.fi\/#website"},"primaryImageOfPage":{"@id":"https:\/\/jalkahoitolamerja.fi\/index.php\/palvelut\/#primaryimage"},"datePublished":"2021-08-31T12:10:52+00:00","dateModified":"2025-05-04T09:12:02+00:00","breadcrumb":{"@id":"https:\/\/jalkahoitolamerja.fi\/index.php\/palvelut\/#breadcrumb"},"inLanguage":"fi","potentialAction":[{"@type":"ReadAction","target":["https:\/\/jalkahoitolamerja.fi\/index.php\/palvelut\/"]}]},{"@type":"BreadcrumbList","@id":"https:\/\/jalkahoitolamerja.fi\/index.php\/palvelut\/#breadcrumb","itemListElement":[{"@type":"ListItem","position":1,"name":"Etusivu","item":"https:\/\/jalkahoitolamerja.fi\/"},{"@type":"ListItem","position":2,"name":"PALVELUT \/ HINNASTO"}]}]}},"_links":{"self":[{"href":"https:\/\/jalkahoitolamerja.fi\/index.php\/wp-json\/wp\/v2\/pages\/31"}],"collection":[{"href":"https:\/\/jalkahoitolamerja.fi\/index.php\/wp-json\/wp\/v2\/pages"}],"about":[{"href":"https:\/\/jalkahoitolamerja.fi\/index.php\/wp-json\/wp\/v2\/types\/page"}],"author":[{"embeddable":true,"href":"https:\/\/jalkahoitolamerja.fi\/index.php\/wp-json\/wp\/v2\/users\/1"}],"replies":[{"embeddable":true,"href":"https:\/\/jalkahoitolamerja.fi\/index.php\/wp-json\/wp\/v2\/comments?post=31"}],"version-history":[{"count":13,"href":"https:\/\/jalkahoitolamerja.fi\/index.php\/wp-json\/wp\/v2\/pages\/31\/revisions"}],"predecessor-version":[{"id":280,"href":"https:\/\/jalkahoitolamerja.fi\/index.php\/wp-json\/wp\/v2\/pages\/31\/revisions\/280"}],"wp:attachment":[{"href":"https:\/\/jalkahoitolamerja.fi\/index.php\/wp-json\/wp\/v2\/media?parent=31"}],"curies":[{"name":"wp","href":"https:\/\/api.w.org\/{rel}","templated":true}]}}