{"id":55,"date":"2021-08-31T12:51:52","date_gmt":"2021-08-31T12:51:52","guid":{"rendered":"http:\/\/www.jalkahoitolamerja.fi\/?page_id=55"},"modified":"2025-10-25T11:10:01","modified_gmt":"2025-10-25T11:10:01","slug":"yhteystiedot","status":"publish","type":"page","link":"https:\/\/jalkahoitolamerja.fi\/index.php\/yhteystiedot\/","title":{"rendered":"YHTEYSTIEDOT"},"content":{"rendered":"\n<p class=\"has-text-align-center\"><br><strong>Jalkahoitola Merja M\u00e4enp\u00e4\u00e4<br><\/strong> H\u00e4meenkatu 3 Jussintori 05800 Hyvink\u00e4\u00e4<br><br><\/p>\n\n\n\n<pre class=\"wp-block-code\"><code><\/code><\/pre>\n\n\n\n<iframe src=\"https:\/\/www.google.com\/maps\/embed?pb=!1m14!1m8!1m3!1d1956.689086038529!2d24.860368!3d60.63177!3m2!1i1024!2i768!4f13.1!3m3!1m2!1s0x468e0f40a638c99f%3A0x8cfe200c09944e55!2zSmFsa2Fob2l0b2xhIE1lcmphIE3DpGVucMOkw6Q!5e0!3m2!1sfi!2sfi!4v1738487080098!5m2!1sfi!2sfi\" width=\"600\" height=\"450\" style=\"border:0;\" allowfullscreen=\"\" loading=\"lazy\" referrerpolicy=\"no-referrer-when-downgrade\"><\/iframe>\n\n\n\n<p class=\"has-text-align-center\">Merja M\u00e4enp\u00e4\u00e4<br>Puh: 041 3135787<br>Sposti: merja@jalkahoitolamerja.fi <\/p>\n\n\n\n<p class=\"has-text-align-center\">Omavalvontasuunnitelma l\u00f6ytyy <a href=\"http:\/\/jalkahoitolamerja.fi\/wp-content\/uploads\/2024\/09\/Omavalvontasuunnitelma-Meta-palvelu-tmi.pdf\">t<\/a><a href=\"http:\/\/jalkahoitolamerja.fi\/wp-content\/uploads\/2025\/10\/Omavalvontasuunnitelma-Meta-palvelu-tmi.pdf\">\u00e4st\u00e4<\/a><br><\/p>\n","protected":false},"excerpt":{"rendered":"<p>Jalkahoitola Merja M\u00e4enp\u00e4\u00e4 H\u00e4meenkatu 3 Jussintori 05800 Hyvink\u00e4\u00e4 Merja M\u00e4enp\u00e4\u00e4Puh: 041 3135787Sposti: merja@jalkahoitolamerja.fi Omavalvontasuunnitelma l\u00f6ytyy t\u00e4st\u00e4<\/p>\n","protected":false},"author":1,"featured_media":0,"parent":0,"menu_order":0,"comment_status":"closed","ping_status":"closed","template":"","meta":[],"yoast_head":"<!-- This site is optimized with the Yoast SEO plugin v17.2 - https:\/\/yoast.com\/wordpress\/plugins\/seo\/ -->\n<title>YHTEYSTIEDOT - Jalkahoitola Merja M&auml;enp&auml;&auml;<\/title>\n<meta name=\"robots\" content=\"index, follow, max-snippet:-1, max-image-preview:large, max-video-preview:-1\" \/>\n<link rel=\"canonical\" href=\"https:\/\/jalkahoitolamerja.fi\/index.php\/yhteystiedot\/\" \/>\n<meta property=\"og:locale\" content=\"fi_FI\" \/>\n<meta property=\"og:type\" content=\"article\" \/>\n<meta property=\"og:title\" content=\"YHTEYSTIEDOT - Jalkahoitola Merja M&auml;enp&auml;&auml;\" \/>\n<meta property=\"og:description\" content=\"Jalkahoitola Merja M\u00e4enp\u00e4\u00e4 H\u00e4meenkatu 3 Jussintori 05800 Hyvink\u00e4\u00e4 Merja M\u00e4enp\u00e4\u00e4Puh: 041 3135787Sposti: merja@jalkahoitolamerja.fi Omavalvontasuunnitelma l\u00f6ytyy t\u00e4st\u00e4\" \/>\n<meta property=\"og:url\" content=\"https:\/\/jalkahoitolamerja.fi\/index.php\/yhteystiedot\/\" \/>\n<meta property=\"og:site_name\" content=\"Jalkahoitola Merja M&auml;enp&auml;&auml;\" \/>\n<meta property=\"article:modified_time\" content=\"2025-10-25T11:10:01+00:00\" \/>\n<meta name=\"twitter:card\" content=\"summary_large_image\" \/>\n<meta name=\"twitter:label1\" content=\"Arvioitu lukuaika\" \/>\n\t<meta name=\"twitter:data1\" content=\"1 minuutti\" \/>\n<script type=\"application\/ld+json\" class=\"yoast-schema-graph\">{\"@context\":\"https:\/\/schema.org\",\"@graph\":[{\"@type\":\"WebSite\",\"@id\":\"https:\/\/jalkahoitolamerja.fi\/#website\",\"url\":\"https:\/\/jalkahoitolamerja.fi\/\",\"name\":\"Jalkahoitola Merja M&auml;enp&auml;&auml;\",\"description\":\"\",\"potentialAction\":[{\"@type\":\"SearchAction\",\"target\":{\"@type\":\"EntryPoint\",\"urlTemplate\":\"https:\/\/jalkahoitolamerja.fi\/?s={search_term_string}\"},\"query-input\":\"required name=search_term_string\"}],\"inLanguage\":\"fi\"},{\"@type\":\"WebPage\",\"@id\":\"https:\/\/jalkahoitolamerja.fi\/index.php\/yhteystiedot\/#webpage\",\"url\":\"https:\/\/jalkahoitolamerja.fi\/index.php\/yhteystiedot\/\",\"name\":\"YHTEYSTIEDOT - Jalkahoitola Merja M&auml;enp&auml;&auml;\",\"isPartOf\":{\"@id\":\"https:\/\/jalkahoitolamerja.fi\/#website\"},\"datePublished\":\"2021-08-31T12:51:52+00:00\",\"dateModified\":\"2025-10-25T11:10:01+00:00\",\"breadcrumb\":{\"@id\":\"https:\/\/jalkahoitolamerja.fi\/index.php\/yhteystiedot\/#breadcrumb\"},\"inLanguage\":\"fi\",\"potentialAction\":[{\"@type\":\"ReadAction\",\"target\":[\"https:\/\/jalkahoitolamerja.fi\/index.php\/yhteystiedot\/\"]}]},{\"@type\":\"BreadcrumbList\",\"@id\":\"https:\/\/jalkahoitolamerja.fi\/index.php\/yhteystiedot\/#breadcrumb\",\"itemListElement\":[{\"@type\":\"ListItem\",\"position\":1,\"name\":\"Etusivu\",\"item\":\"https:\/\/jalkahoitolamerja.fi\/\"},{\"@type\":\"ListItem\",\"position\":2,\"name\":\"YHTEYSTIEDOT\"}]}]}<\/script>\n<!-- \/ Yoast SEO plugin. -->","yoast_head_json":{"title":"YHTEYSTIEDOT - Jalkahoitola Merja M&auml;enp&auml;&auml;","robots":{"index":"index","follow":"follow","max-snippet":"max-snippet:-1","max-image-preview":"max-image-preview:large","max-video-preview":"max-video-preview:-1"},"canonical":"https:\/\/jalkahoitolamerja.fi\/index.php\/yhteystiedot\/","og_locale":"fi_FI","og_type":"article","og_title":"YHTEYSTIEDOT - Jalkahoitola Merja M&auml;enp&auml;&auml;","og_description":"Jalkahoitola Merja M\u00e4enp\u00e4\u00e4 H\u00e4meenkatu 3 Jussintori 05800 Hyvink\u00e4\u00e4 Merja M\u00e4enp\u00e4\u00e4Puh: 041 3135787Sposti: merja@jalkahoitolamerja.fi Omavalvontasuunnitelma l\u00f6ytyy t\u00e4st\u00e4","og_url":"https:\/\/jalkahoitolamerja.fi\/index.php\/yhteystiedot\/","og_site_name":"Jalkahoitola Merja M&auml;enp&auml;&auml;","article_modified_time":"2025-10-25T11:10:01+00:00","twitter_card":"summary_large_image","twitter_misc":{"Arvioitu lukuaika":"1 minuutti"},"schema":{"@context":"https:\/\/schema.org","@graph":[{"@type":"WebSite","@id":"https:\/\/jalkahoitolamerja.fi\/#website","url":"https:\/\/jalkahoitolamerja.fi\/","name":"Jalkahoitola Merja M&auml;enp&auml;&auml;","description":"","potentialAction":[{"@type":"SearchAction","target":{"@type":"EntryPoint","urlTemplate":"https:\/\/jalkahoitolamerja.fi\/?s={search_term_string}"},"query-input":"required name=search_term_string"}],"inLanguage":"fi"},{"@type":"WebPage","@id":"https:\/\/jalkahoitolamerja.fi\/index.php\/yhteystiedot\/#webpage","url":"https:\/\/jalkahoitolamerja.fi\/index.php\/yhteystiedot\/","name":"YHTEYSTIEDOT - Jalkahoitola Merja M&auml;enp&auml;&auml;","isPartOf":{"@id":"https:\/\/jalkahoitolamerja.fi\/#website"},"datePublished":"2021-08-31T12:51:52+00:00","dateModified":"2025-10-25T11:10:01+00:00","breadcrumb":{"@id":"https:\/\/jalkahoitolamerja.fi\/index.php\/yhteystiedot\/#breadcrumb"},"inLanguage":"fi","potentialAction":[{"@type":"ReadAction","target":["https:\/\/jalkahoitolamerja.fi\/index.php\/yhteystiedot\/"]}]},{"@type":"BreadcrumbList","@id":"https:\/\/jalkahoitolamerja.fi\/index.php\/yhteystiedot\/#breadcrumb","itemListElement":[{"@type":"ListItem","position":1,"name":"Etusivu","item":"https:\/\/jalkahoitolamerja.fi\/"},{"@type":"ListItem","position":2,"name":"YHTEYSTIEDOT"}]}]}},"_links":{"self":[{"href":"https:\/\/jalkahoitolamerja.fi\/index.php\/wp-json\/wp\/v2\/pages\/55"}],"collection":[{"href":"https:\/\/jalkahoitolamerja.fi\/index.php\/wp-json\/wp\/v2\/pages"}],"about":[{"href":"https:\/\/jalkahoitolamerja.fi\/index.php\/wp-json\/wp\/v2\/types\/page"}],"author":[{"embeddable":true,"href":"https:\/\/jalkahoitolamerja.fi\/index.php\/wp-json\/wp\/v2\/users\/1"}],"replies":[{"embeddable":true,"href":"https:\/\/jalkahoitolamerja.fi\/index.php\/wp-json\/wp\/v2\/comments?post=55"}],"version-history":[{"count":20,"href":"https:\/\/jalkahoitolamerja.fi\/index.php\/wp-json\/wp\/v2\/pages\/55\/revisions"}],"predecessor-version":[{"id":284,"href":"https:\/\/jalkahoitolamerja.fi\/index.php\/wp-json\/wp\/v2\/pages\/55\/revisions\/284"}],"wp:attachment":[{"href":"https:\/\/jalkahoitolamerja.fi\/index.php\/wp-json\/wp\/v2\/media?parent=55"}],"curies":[{"name":"wp","href":"https:\/\/api.w.org\/{rel}","templated":true}]}}