{"id":6,"date":"2021-08-31T11:53:49","date_gmt":"2021-08-31T11:53:49","guid":{"rendered":"http:\/\/www.jalkahoitolamerja.fi\/?page_id=6"},"modified":"2023-05-28T12:25:15","modified_gmt":"2023-05-28T12:25:15","slug":"luo-sivustosi-lohkoilla","status":"publish","type":"page","link":"https:\/\/jalkahoitolamerja.fi\/","title":{"rendered":"ETUSIVU"},"content":{"rendered":"\n<blockquote class=\"wp-block-quote has-text-align-center\"><p><strong>Tervetuloa Jalkahoitola Merja M\u00e4enp\u00e4\u00e4 verkkosivuille!<\/strong><\/p><\/blockquote>\n\n\n\n<p class=\"has-text-align-center\"><\/p>\n\n\n\n<p class=\"has-text-align-center\"><strong>Jalkahoitolassamme toimii: <br><\/strong><br><strong>Merja M\u00e4enp\u00e4\u00e4<\/strong>, terveysalan ammattitutkinnon suorittanut jalkojenhoitaja (AT). Merjan palveluista l\u00f6yd\u00e4t perus- ja vaativammat jalkahoidot, jalkojen hieronnan ja hemmottelevat jalkahoidot jotka sopivat lahjaksi tai itsens\u00e4 hemmotteluun.<br><br>Lue lis\u00e4\u00e4 palveluistamme <a href=\"https:\/\/jalkahoitolamerja.fi\/index.php\/palvelut\/\" target=\"_blank\" rel=\"noreferrer noopener\">t\u00e4\u00e4lt\u00e4.<\/a><\/p>\n\n\n\n<p class=\"has-text-align-center\"><a href=\"https:\/\/slotti.fi\/booking\/Metapalveluttmi\/\" data-btn-theme=dark data-btn-size=small data-icon=none  class=\"slotti-book-now\">Varaa aika<\/a> <br><br><\/p>\n\n\n\n<p class=\"has-text-align-center\"><br>Hyv\u00e4 jalkaterveys on osa terveydest\u00e4 huolehtimista.<\/p>\n\n\n\n<p class=\"has-text-align-center\">Vaivaton liikkuminen on&nbsp;&nbsp;hyvinvointia ja sill\u00e4 on suuri merkitys hyvinvointimme kannalta. Kipua saattaa aiheuttaa sis\u00e4\u00e4n kasvanut kynsi, kipe\u00e4 k\u00e4ns\u00e4, kovettuma tai halkeilevat kantap\u00e4\u00e4t. Kynnet voivat olla paksuuntuneet ja niit\u00e4 on hankala itse lyhent\u00e4\u00e4.<\/p>\n\n\n\n<p class=\"has-text-align-center\">Tarjoamme luotettavaa ja&nbsp;&nbsp;turvallista terveydenhoitoon painottuvaa jalkojenhoitoa.<\/p>\n\n\n\n<p class=\"has-text-align-center\">Haluamme huolehtia jalkojesi hyvinvoinnista, ennaltaehk\u00e4ist\u00e4 ongelmia sek\u00e4 yll\u00e4pit\u00e4\u00e4 jalkojesi terveytt\u00e4. Hemmottelevat&nbsp;&nbsp;jalkahoidot ovat ihana tapa rentoutua ja pys\u00e4hty\u00e4 arjen kiireiden keskell\u00e4. Varaa aika terveydenhoidon ammattilaisen jalkojenhoitoon.<\/p>\n\n\n\n<div style=\"height:50px\" aria-hidden=\"true\" class=\"wp-block-spacer\"><\/div>\n\n\n\n<div class=\"alignnormal\"><div id=\"metaslider-id-210\" style=\"width: 100%;\" class=\"ml-slider-3-27-2 metaslider metaslider-flex metaslider-210 ml-slider\">\n    <div id=\"metaslider_container_210\">\n        <div id=\"metaslider_210\">\n            <ul aria-live=\"polite\" class=\"slides\">\n                <li style=\"display: block; width: 100%;\" class=\"slide-227 ms-image\"><img src=\"https:\/\/jalkahoitolamerja.fi\/wp-content\/uploads\/2022\/03\/5-1-700x300.png\" height=\"300\" width=\"700\" alt=\"\" class=\"slider-210 slide-227\" title=\"5\" \/><\/li>\n                <li style=\"display: none; width: 100%;\" class=\"slide-228 ms-image\"><img src=\"https:\/\/jalkahoitolamerja.fi\/wp-content\/uploads\/2022\/03\/6-1-700x300.png\" height=\"300\" width=\"700\" alt=\"\" class=\"slider-210 slide-228\" title=\"6\" \/><\/li>\n                <li style=\"display: none; width: 100%;\" class=\"slide-229 ms-image\"><img src=\"https:\/\/jalkahoitolamerja.fi\/wp-content\/uploads\/2022\/03\/7-1-700x300.png\" height=\"300\" width=\"700\" alt=\"\" class=\"slider-210 slide-229\" title=\"7\" \/><\/li>\n                <li style=\"display: none; width: 100%;\" class=\"slide-230 ms-image\"><img src=\"https:\/\/jalkahoitolamerja.fi\/wp-content\/uploads\/2022\/03\/8-1-700x300.png\" height=\"300\" width=\"700\" alt=\"\" class=\"slider-210 slide-230\" title=\"8\" \/><\/li>\n                <li style=\"display: none; width: 100%;\" class=\"slide-231 ms-image\"><img src=\"https:\/\/jalkahoitolamerja.fi\/wp-content\/uploads\/2022\/03\/9-1-700x300.png\" height=\"300\" width=\"700\" alt=\"\" class=\"slider-210 slide-231\" title=\"9\" \/><\/li>\n            <\/ul>\n        <\/div>\n        \n    <\/div>\n<\/div><\/div>\n\n\n\n<div class=\"wp-block-columns alignwide are-vertically-aligned-top\">\n<div class=\"wp-block-column is-vertically-aligned-top\">\n<div class=\"wp-block-image\"><figure class=\"aligncenter size-medium is-resized\"><img loading=\"lazy\" src=\"https:\/\/jalkahoitolamerja.fi\/wp-content\/uploads\/2021\/08\/Acting-Director-300x300.png\" alt=\"\" class=\"wp-image-40\" width=\"300\" height=\"300\" srcset=\"https:\/\/jalkahoitolamerja.fi\/wp-content\/uploads\/2021\/08\/Acting-Director-300x300.png 300w, https:\/\/jalkahoitolamerja.fi\/wp-content\/uploads\/2021\/08\/Acting-Director-150x150.png 150w, https:\/\/jalkahoitolamerja.fi\/wp-content\/uploads\/2021\/08\/Acting-Director-100x100.png 100w, https:\/\/jalkahoitolamerja.fi\/wp-content\/uploads\/2021\/08\/Acting-Director.png 500w\" sizes=\"(max-width: 300px) 100vw, 300px\" \/><\/figure><\/div>\n<\/div>\n<\/div>\n","protected":false},"excerpt":{"rendered":"<p>Tervetuloa Jalkahoitola Merja M\u00e4enp\u00e4\u00e4 verkkosivuille! Jalkahoitolassamme toimii: Merja M\u00e4enp\u00e4\u00e4, terveysalan ammattitutkinnon suorittanut jalkojenhoitaja (AT). Merjan palveluista l\u00f6yd\u00e4t perus- ja vaativammat jalkahoidot, jalkojen hieronnan ja hemmottelevat jalkahoidot jotka sopivat lahjaksi tai itsens\u00e4 hemmotteluun. Lue lis\u00e4\u00e4 palveluistamme t\u00e4\u00e4lt\u00e4. Hyv\u00e4 jalkaterveys on osa terveydest\u00e4 huolehtimista. Vaivaton liikkuminen on&nbsp;&nbsp;hyvinvointia ja sill\u00e4 on suuri merkitys hyvinvointimme kannalta. Kipua saattaa aiheuttaa &hellip; <\/p>\n<p class=\"link-more\"><a href=\"https:\/\/jalkahoitolamerja.fi\/\" class=\"more-link\">Jatka lukemista<span class=\"screen-reader-text\"> &#8221;ETUSIVU&#8221;<\/span><\/a><\/p>\n","protected":false},"author":1,"featured_media":0,"parent":0,"menu_order":0,"comment_status":"closed","ping_status":"closed","template":"","meta":[],"yoast_head":"<!-- This site is optimized with the Yoast SEO plugin v17.2 - https:\/\/yoast.com\/wordpress\/plugins\/seo\/ -->\n<title>ETUSIVU - Jalkahoitola Merja M&auml;enp&auml;&auml;<\/title>\n<meta name=\"robots\" content=\"index, follow, max-snippet:-1, max-image-preview:large, max-video-preview:-1\" \/>\n<link rel=\"canonical\" href=\"https:\/\/jalkahoitolamerja.fi\/\" \/>\n<meta property=\"og:locale\" content=\"fi_FI\" \/>\n<meta property=\"og:type\" content=\"article\" \/>\n<meta property=\"og:title\" content=\"ETUSIVU - Jalkahoitola Merja M&auml;enp&auml;&auml;\" \/>\n<meta property=\"og:description\" content=\"Tervetuloa Jalkahoitola Merja M\u00e4enp\u00e4\u00e4 verkkosivuille! Jalkahoitolassamme toimii: Merja M\u00e4enp\u00e4\u00e4, terveysalan ammattitutkinnon suorittanut jalkojenhoitaja (AT). Merjan palveluista l\u00f6yd\u00e4t perus- ja vaativammat jalkahoidot, jalkojen hieronnan ja hemmottelevat jalkahoidot jotka sopivat lahjaksi tai itsens\u00e4 hemmotteluun. Lue lis\u00e4\u00e4 palveluistamme t\u00e4\u00e4lt\u00e4. Hyv\u00e4 jalkaterveys on osa terveydest\u00e4 huolehtimista. Vaivaton liikkuminen on&nbsp;&nbsp;hyvinvointia ja sill\u00e4 on suuri merkitys hyvinvointimme kannalta. Kipua saattaa aiheuttaa &hellip; Jatka lukemista &quot;ETUSIVU&quot;\" \/>\n<meta property=\"og:url\" content=\"https:\/\/jalkahoitolamerja.fi\/\" \/>\n<meta property=\"og:site_name\" content=\"Jalkahoitola Merja M&auml;enp&auml;&auml;\" \/>\n<meta property=\"article:modified_time\" content=\"2023-05-28T12:25:15+00:00\" \/>\n<meta property=\"og:image\" content=\"https:\/\/jalkahoitolamerja.fi\/wp-content\/uploads\/2021\/08\/Acting-Director-300x300.png\" \/>\n<meta name=\"twitter:card\" content=\"summary_large_image\" \/>\n<meta name=\"twitter:label1\" content=\"Arvioitu lukuaika\" \/>\n\t<meta name=\"twitter:data1\" content=\"1 minuutti\" \/>\n<script type=\"application\/ld+json\" class=\"yoast-schema-graph\">{\"@context\":\"https:\/\/schema.org\",\"@graph\":[{\"@type\":\"WebSite\",\"@id\":\"https:\/\/jalkahoitolamerja.fi\/#website\",\"url\":\"https:\/\/jalkahoitolamerja.fi\/\",\"name\":\"Jalkahoitola Merja M&auml;enp&auml;&auml;\",\"description\":\"\",\"potentialAction\":[{\"@type\":\"SearchAction\",\"target\":{\"@type\":\"EntryPoint\",\"urlTemplate\":\"https:\/\/jalkahoitolamerja.fi\/?s={search_term_string}\"},\"query-input\":\"required name=search_term_string\"}],\"inLanguage\":\"fi\"},{\"@type\":\"ImageObject\",\"@id\":\"https:\/\/jalkahoitolamerja.fi\/#primaryimage\",\"inLanguage\":\"fi\",\"url\":\"https:\/\/jalkahoitolamerja.fi\/wp-content\/uploads\/2021\/08\/Acting-Director-300x300.png\",\"contentUrl\":\"https:\/\/jalkahoitolamerja.fi\/wp-content\/uploads\/2021\/08\/Acting-Director-300x300.png\"},{\"@type\":\"WebPage\",\"@id\":\"https:\/\/jalkahoitolamerja.fi\/#webpage\",\"url\":\"https:\/\/jalkahoitolamerja.fi\/\",\"name\":\"ETUSIVU - Jalkahoitola Merja M&auml;enp&auml;&auml;\",\"isPartOf\":{\"@id\":\"https:\/\/jalkahoitolamerja.fi\/#website\"},\"primaryImageOfPage\":{\"@id\":\"https:\/\/jalkahoitolamerja.fi\/#primaryimage\"},\"datePublished\":\"2021-08-31T11:53:49+00:00\",\"dateModified\":\"2023-05-28T12:25:15+00:00\",\"breadcrumb\":{\"@id\":\"https:\/\/jalkahoitolamerja.fi\/#breadcrumb\"},\"inLanguage\":\"fi\",\"potentialAction\":[{\"@type\":\"ReadAction\",\"target\":[\"https:\/\/jalkahoitolamerja.fi\/\"]}]},{\"@type\":\"BreadcrumbList\",\"@id\":\"https:\/\/jalkahoitolamerja.fi\/#breadcrumb\",\"itemListElement\":[{\"@type\":\"ListItem\",\"position\":1,\"name\":\"Etusivu\",\"item\":\"https:\/\/jalkahoitolamerja.fi\/\"},{\"@type\":\"ListItem\",\"position\":2,\"name\":\"ETUSIVU\"}]}]}<\/script>\n<!-- \/ Yoast SEO plugin. -->","yoast_head_json":{"title":"ETUSIVU - Jalkahoitola Merja M&auml;enp&auml;&auml;","robots":{"index":"index","follow":"follow","max-snippet":"max-snippet:-1","max-image-preview":"max-image-preview:large","max-video-preview":"max-video-preview:-1"},"canonical":"https:\/\/jalkahoitolamerja.fi\/","og_locale":"fi_FI","og_type":"article","og_title":"ETUSIVU - Jalkahoitola Merja M&auml;enp&auml;&auml;","og_description":"Tervetuloa Jalkahoitola Merja M\u00e4enp\u00e4\u00e4 verkkosivuille! Jalkahoitolassamme toimii: Merja M\u00e4enp\u00e4\u00e4, terveysalan ammattitutkinnon suorittanut jalkojenhoitaja (AT). Merjan palveluista l\u00f6yd\u00e4t perus- ja vaativammat jalkahoidot, jalkojen hieronnan ja hemmottelevat jalkahoidot jotka sopivat lahjaksi tai itsens\u00e4 hemmotteluun. Lue lis\u00e4\u00e4 palveluistamme t\u00e4\u00e4lt\u00e4. Hyv\u00e4 jalkaterveys on osa terveydest\u00e4 huolehtimista. Vaivaton liikkuminen on&nbsp;&nbsp;hyvinvointia ja sill\u00e4 on suuri merkitys hyvinvointimme kannalta. Kipua saattaa aiheuttaa &hellip; Jatka lukemista \"ETUSIVU\"","og_url":"https:\/\/jalkahoitolamerja.fi\/","og_site_name":"Jalkahoitola Merja M&auml;enp&auml;&auml;","article_modified_time":"2023-05-28T12:25:15+00:00","og_image":[{"url":"https:\/\/jalkahoitolamerja.fi\/wp-content\/uploads\/2021\/08\/Acting-Director-300x300.png"}],"twitter_card":"summary_large_image","twitter_misc":{"Arvioitu lukuaika":"1 minuutti"},"schema":{"@context":"https:\/\/schema.org","@graph":[{"@type":"WebSite","@id":"https:\/\/jalkahoitolamerja.fi\/#website","url":"https:\/\/jalkahoitolamerja.fi\/","name":"Jalkahoitola Merja M&auml;enp&auml;&auml;","description":"","potentialAction":[{"@type":"SearchAction","target":{"@type":"EntryPoint","urlTemplate":"https:\/\/jalkahoitolamerja.fi\/?s={search_term_string}"},"query-input":"required name=search_term_string"}],"inLanguage":"fi"},{"@type":"ImageObject","@id":"https:\/\/jalkahoitolamerja.fi\/#primaryimage","inLanguage":"fi","url":"https:\/\/jalkahoitolamerja.fi\/wp-content\/uploads\/2021\/08\/Acting-Director-300x300.png","contentUrl":"https:\/\/jalkahoitolamerja.fi\/wp-content\/uploads\/2021\/08\/Acting-Director-300x300.png"},{"@type":"WebPage","@id":"https:\/\/jalkahoitolamerja.fi\/#webpage","url":"https:\/\/jalkahoitolamerja.fi\/","name":"ETUSIVU - Jalkahoitola Merja M&auml;enp&auml;&auml;","isPartOf":{"@id":"https:\/\/jalkahoitolamerja.fi\/#website"},"primaryImageOfPage":{"@id":"https:\/\/jalkahoitolamerja.fi\/#primaryimage"},"datePublished":"2021-08-31T11:53:49+00:00","dateModified":"2023-05-28T12:25:15+00:00","breadcrumb":{"@id":"https:\/\/jalkahoitolamerja.fi\/#breadcrumb"},"inLanguage":"fi","potentialAction":[{"@type":"ReadAction","target":["https:\/\/jalkahoitolamerja.fi\/"]}]},{"@type":"BreadcrumbList","@id":"https:\/\/jalkahoitolamerja.fi\/#breadcrumb","itemListElement":[{"@type":"ListItem","position":1,"name":"Etusivu","item":"https:\/\/jalkahoitolamerja.fi\/"},{"@type":"ListItem","position":2,"name":"ETUSIVU"}]}]}},"_links":{"self":[{"href":"https:\/\/jalkahoitolamerja.fi\/index.php\/wp-json\/wp\/v2\/pages\/6"}],"collection":[{"href":"https:\/\/jalkahoitolamerja.fi\/index.php\/wp-json\/wp\/v2\/pages"}],"about":[{"href":"https:\/\/jalkahoitolamerja.fi\/index.php\/wp-json\/wp\/v2\/types\/page"}],"author":[{"embeddable":true,"href":"https:\/\/jalkahoitolamerja.fi\/index.php\/wp-json\/wp\/v2\/users\/1"}],"replies":[{"embeddable":true,"href":"https:\/\/jalkahoitolamerja.fi\/index.php\/wp-json\/wp\/v2\/comments?post=6"}],"version-history":[{"count":36,"href":"https:\/\/jalkahoitolamerja.fi\/index.php\/wp-json\/wp\/v2\/pages\/6\/revisions"}],"predecessor-version":[{"id":264,"href":"https:\/\/jalkahoitolamerja.fi\/index.php\/wp-json\/wp\/v2\/pages\/6\/revisions\/264"}],"wp:attachment":[{"href":"https:\/\/jalkahoitolamerja.fi\/index.php\/wp-json\/wp\/v2\/media?parent=6"}],"curies":[{"name":"wp","href":"https:\/\/api.w.org\/{rel}","templated":true}]}}